{"id":40,"date":"2022-06-07T07:01:36","date_gmt":"2022-06-07T07:01:36","guid":{"rendered":"http:\/\/demo.ovathemes.com\/retirio\/?page_id=40"},"modified":"2022-09-16T22:01:50","modified_gmt":"2022-09-16T22:01:50","slug":"contact","status":"publish","type":"page","link":"https:\/\/delticgroup.sn\/index.php\/contact\/","title":{"rendered":"Contact"},"content":{"rendered":"\t\t<div data-elementor-type=\"wp-page\" data-elementor-id=\"40\" class=\"elementor elementor-40\">\n\t\t\t\t\t\t\t\t\t<section class=\"elementor-section elementor-top-section elementor-element elementor-element-cf0a9af elementor-section-boxed elementor-section-height-default elementor-section-height-default\" data-id=\"cf0a9af\" data-element_type=\"section\">\n\t\t\t\t\t\t<div class=\"elementor-container elementor-column-gap-default\">\n\t\t\t\t\t<div class=\"elementor-column elementor-col-66 elementor-top-column elementor-element elementor-element-11277b7\" data-id=\"11277b7\" data-element_type=\"column\">\n\t\t\t<div class=\"elementor-widget-wrap elementor-element-populated\">\n\t\t\t\t\t\t\t\t<div class=\"elementor-element elementor-element-25d4298 elementor-widget elementor-widget-retirio_elementor_heading\" data-id=\"25d4298\" data-element_type=\"widget\" data-widget_type=\"retirio_elementor_heading.default\">\n\t\t\t\t<div class=\"elementor-widget-container\">\n\t\t\t\n\t\t<div class=\"ova-title\">\n\n\t\t\t\t\t\t\t<h3 class=\"sub-title\">Joignez-nous<\/h3>\n\t\t\t\n\t\t\t\t\t\t\t\t\t\t\t\t\t\t<h2 class=\"title\">\n\t\t\t\t\t\t\t\tRestez en contact et n\u2019h\u00e9sitez pas \u00e0 nous <span class=\"underline\">appeler.<\/span>\t\t\t\t\t\t\t<\/h2>\n\t\t\t\t\t\t\t\n\t\t\t\t\t\t\t<p class=\"description\"> Merci de bien vouloir remplir le formulaire \u00e0 cot\u00e9. Un agent de Deltic Group vous contactera rapidement.\n <\/p>\n\t\t\t\n\t\t<\/div> \n\t\t\t\t<\/div>\n\t\t\t\t<\/div>\n\t\t\t\t<div class=\"elementor-element elementor-element-2fd982e elementor-widget__width-inherit elementor-widget elementor-widget-retirio_elementor_contact_info\" data-id=\"2fd982e\" data-element_type=\"widget\" data-widget_type=\"retirio_elementor_contact_info.default\">\n\t\t\t\t<div class=\"elementor-widget-container\">\n\t\t\t\t\t\t<div class=\"ova-contact-info\">\n\t\t\t\t\n\t\t\t\t\t\t\t\t\t<div class=\"icon\">\n\t\t\t\t\t\t<i aria-hidden=\"true\" class=\"ovaicon ovaicon-phone-call\"><\/i>\t\t\t\t\t<\/div>\t\n\t\t\t\t\t\t\t\t\n\n\t\t\t\t<div class=\"contact\">\n\t\t\t\t\t\n\t\t\t\t\t\t\t\t\t\t\t<div class=\"label\">\n\t\t\t\t\t\t\tVous avez des questions?\t\t\t\t\t\t<\/div>\n\t\t\t\t\t\n\t\t\t\t\t<ul class=\"info\">\n\t\t\t\t\t\t\n\t\t\t\t\t\t\t\t<li class=\"item\">\n\n\t\t\t\t\t\t\t\t\t\t\t\t\t\t\t\t\t\t\t\t\t<a href=\"tel:+221773805108 \">\n\t\t\t\t\t\t\t\t\t\t\t\t\t +221 77 380 51 08\t\t\t\t\t\t\t\t\t\t\t\t<\/a>\n\t\t\t\t\t\t\t\t\t\t\t\t\t\t\t\t\t\t\t<\/li>\n\t\t\t\t\t\t\t\n\t\t\t\t\t\t\t\t\t\t\t<\/ul>\n\n\t\t\t\t<\/div>\n\n\t\t\t<\/div>\n\n\t\t\t\t<\/div>\n\t\t\t\t<\/div>\n\t\t\t\t<div class=\"elementor-element elementor-element-849b928 elementor-widget__width-inherit elementor-widget elementor-widget-retirio_elementor_contact_info\" data-id=\"849b928\" data-element_type=\"widget\" data-widget_type=\"retirio_elementor_contact_info.default\">\n\t\t\t\t<div class=\"elementor-widget-container\">\n\t\t\t\t\t\t<div class=\"ova-contact-info\">\n\t\t\t\t\n\t\t\t\t\t\t\t\t\t<div class=\"icon\">\n\t\t\t\t\t\t<i aria-hidden=\"true\" class=\"ovaicon ovaicon-letter\"><\/i>\t\t\t\t\t<\/div>\t\n\t\t\t\t\t\t\t\t\n\n\t\t\t\t<div class=\"contact\">\n\t\t\t\t\t\n\t\t\t\t\t\t\t\t\t\t\t<div class=\"label\">\n\t\t\t\t\t\t\tLaissez-nous un message !\t\t\t\t\t\t<\/div>\n\t\t\t\t\t\n\t\t\t\t\t<ul class=\"info\">\n\t\t\t\t\t\t\n\t\t\t\t\t\t\t\t<li class=\"item\">\n\n\t\t\t\t\t\t\t\t\t\t\t\t\t\t\t\t\t\t\t\t\t<a href=\"mailto:contact@delticgroup.sn \">\n\t\t\t\t\t\t\t\t\t\t\t\t\tcontact@delticgroup.sn\t\t\t\t\t\t\t\t\t\t\t\t<\/a>\n\t\t\t\t\t\t\t\t\t\t\t\t\t\t\t\t\t\t\t<\/li>\n\t\t\t\t\t\t\t\n\t\t\t\t\t\t\t\t\t\t\t<\/ul>\n\n\t\t\t\t<\/div>\n\n\t\t\t<\/div>\n\n\t\t\t\t<\/div>\n\t\t\t\t<\/div>\n\t\t\t\t\t<\/div>\n\t\t<\/div>\n\t\t\t\t<div class=\"elementor-column elementor-col-33 elementor-top-column elementor-element elementor-element-3e7e3bc\" data-id=\"3e7e3bc\" data-element_type=\"column\" data-settings=\"{&quot;background_background&quot;:&quot;classic&quot;}\">\n\t\t\t<div class=\"elementor-widget-wrap elementor-element-populated\">\n\t\t\t\t\t\t\t\t<div class=\"elementor-element elementor-element-9fb7201 elementor-widget__width-auto elementor-widget elementor-widget-ova_logo\" data-id=\"9fb7201\" data-element_type=\"widget\" data-widget_type=\"ova_logo.default\">\n\t\t\t\t<div class=\"elementor-widget-container\">\n\t\t\t\n\t\t<div class=\"brand_el\">\n\n\t\t\t\t\t\t\t\t\t\t\t<a href=\"https:\/\/delticgroup.sn\/ \"   >\n\t\t\t\n\t\t\t\t<img decoding=\"async\" src=\"https:\/\/delticgroup.sn\/wp-content\/uploads\/2022\/09\/LOGO_DELTIC.png\" \n\t\t\t\t\talt=\"Deltic Group\" \n\t\t\t\t\tclass=\"logo_desktop\" \n\t\t\t\t\tstyle=\"width:157px ; height:40px\" \n\t\t\t\t\/>\n\n\t\t\t\t<img decoding=\"async\" src=\"https:\/\/delticgroup.sn\/wp-content\/uploads\/2022\/09\/LOGO_DELTIC.png\" \n\t\t\t\t\talt=\"Deltic Group\" \n\t\t\t\t\tclass=\"logo_mobile\" \n\t\t\t\t\tstyle=\"width:157px ;  height:40px\" \n\t\t\t\t\/>\n\n\t\t\t\t<img decoding=\"async\" src=\"https:\/\/delticgroup.sn\/wp-content\/uploads\/2022\/09\/LOGO_DELTIC.png\" \n\t\t\t\t\talt=\"Deltic Group\" \n\t\t\t\t\tclass=\"logo_sticky\" \n\t\t\t\t\tstyle=\"width:157px ; height:40px\" \n\t\t\t\t\/>\n\n\t\t\t\t\t\t\t<\/a>\n\t\t\t\n\t\t<\/div>\n\n\t\t\t\t<\/div>\n\t\t\t\t<\/div>\n\t\t\t\t<div class=\"elementor-element elementor-element-62a6664 elementor-widget__width-inherit elementor-widget elementor-widget-retirio_elementor_heading\" data-id=\"62a6664\" data-element_type=\"widget\" data-widget_type=\"retirio_elementor_heading.default\">\n\t\t\t\t<div class=\"elementor-widget-container\">\n\t\t\t\n\t\t<div class=\"ova-title\">\n\n\t\t\t\t\t\t\t<h3 class=\"sub-title\">NOUS JOINDRE<\/h3>\n\t\t\t\n\t\t\t\t\t\t\t\t\t\t\t\t\t\t<h2 class=\"title\">\n\t\t\t\t\t\t\t\t\u00c9crivez-nous \u00e0 tout <span class=\"underline\">moment<\/span>\t\t\t\t\t\t\t<\/h2>\n\t\t\t\t\t\t\t\n\t\t\t\n\t\t<\/div> \n\t\t\t\t<\/div>\n\t\t\t\t<\/div>\n\t\t\t\t<div class=\"elementor-element elementor-element-21ccb5c ova-contact-page elementor-widget elementor-widget-shortcode\" data-id=\"21ccb5c\" data-element_type=\"widget\" data-widget_type=\"shortcode.default\">\n\t\t\t\t<div class=\"elementor-widget-container\">\n\t\t\t\t\t<div class=\"elementor-shortcode\"><div role=\"form\" class=\"wpcf7\" id=\"wpcf7-f884-o1\" lang=\"en-US\" dir=\"ltr\">\n<div class=\"screen-reader-response\"><p role=\"status\" aria-live=\"polite\" aria-atomic=\"true\"><\/p> <ul><\/ul><\/div>\n<form action=\"\/index.php\/wp-json\/wp\/v2\/pages\/40#wpcf7-f884-o1\" method=\"post\" class=\"wpcf7-form init\" novalidate=\"novalidate\" data-status=\"init\">\n<div style=\"display: none;\">\n<input type=\"hidden\" name=\"_wpcf7\" value=\"884\" \/>\n<input type=\"hidden\" name=\"_wpcf7_version\" value=\"5.6.3\" \/>\n<input type=\"hidden\" name=\"_wpcf7_locale\" value=\"en_US\" \/>\n<input type=\"hidden\" name=\"_wpcf7_unit_tag\" value=\"wpcf7-f884-o1\" \/>\n<input type=\"hidden\" name=\"_wpcf7_container_post\" value=\"0\" \/>\n<input type=\"hidden\" name=\"_wpcf7_posted_data_hash\" value=\"\" \/>\n<\/div>\n<div class=\"ova-wpcf7 contact-form \">\n<div class=\"ova-text\"><span class=\"wpcf7-form-control-wrap\" data-name=\"your-name\"><input type=\"text\" name=\"your-name\" value=\"\" size=\"40\" class=\"wpcf7-form-control wpcf7-text wpcf7-validates-as-required name\" aria-required=\"true\" aria-invalid=\"false\" placeholder=\"Votre Nom\" \/><\/span><\/div>\n<div class=\"ova-email\"><span class=\"wpcf7-form-control-wrap\" data-name=\"your-email\"><input type=\"email\" name=\"your-email\" value=\"\" size=\"40\" class=\"wpcf7-form-control wpcf7-text wpcf7-email wpcf7-validates-as-required wpcf7-validates-as-email email\" aria-required=\"true\" aria-invalid=\"false\" placeholder=\"Email\" \/><\/span> <\/div>\n<div class=\"ova-phone\"><span class=\"wpcf7-form-control-wrap\" data-name=\"tel-780\"><input type=\"tel\" name=\"tel-780\" value=\"\" size=\"40\" class=\"wpcf7-form-control wpcf7-text wpcf7-tel wpcf7-validates-as-required wpcf7-validates-as-tel phone\" aria-required=\"true\" aria-invalid=\"false\" placeholder=\"Num\u00e9ro de T\u00e9l\u00e9phone\" \/><\/span> <\/div>\n<div class=\"ova-textarea\">\n       <span class=\"wpcf7-form-control-wrap\" data-name=\"your-message\"><textarea name=\"your-message\" cols=\"40\" rows=\"10\" class=\"wpcf7-form-control wpcf7-textarea message\" aria-invalid=\"false\" placeholder=\"Ecrire un message\"><\/textarea><\/span>\n    <\/div>\n<div class=\"ova-submit\">\n      <button type=\"submit\" class=\"wpcf7-form-control has-spinner wpcf7-submit\"><span>Envoyer<\/span><\/button>\n    <\/div>\n<\/div>\n<p style=\"display: none !important;\"><label>&#916;<textarea name=\"_wpcf7_ak_hp_textarea\" cols=\"45\" rows=\"8\" maxlength=\"100\"><\/textarea><\/label><input type=\"hidden\" id=\"ak_js_1\" name=\"_wpcf7_ak_js\" value=\"116\"\/><script>document.getElementById( \"ak_js_1\" ).setAttribute( \"value\", ( new Date() ).getTime() );<\/script><\/p><div class=\"wpcf7-response-output\" aria-hidden=\"true\"><\/div><\/form><\/div><\/div>\n\t\t\t\t<\/div>\n\t\t\t\t<\/div>\n\t\t\t\t\t<\/div>\n\t\t<\/div>\n\t\t\t\t\t\t\t<\/div>\n\t\t<\/section>\n\t\t\t\t<section class=\"elementor-section elementor-top-section elementor-element elementor-element-1f3c003 elementor-section-boxed elementor-section-height-default elementor-section-height-default\" data-id=\"1f3c003\" data-element_type=\"section\">\n\t\t\t\t\t\t<div class=\"elementor-container elementor-column-gap-default\">\n\t\t\t\t\t<div class=\"elementor-column elementor-col-100 elementor-top-column elementor-element elementor-element-7400e74\" data-id=\"7400e74\" data-element_type=\"column\">\n\t\t\t<div class=\"elementor-widget-wrap\">\n\t\t\t\t\t\t\t\t\t<\/div>\n\t\t<\/div>\n\t\t\t\t\t\t\t<\/div>\n\t\t<\/section>\n\t\t\t\t<section class=\"elementor-section elementor-top-section elementor-element elementor-element-0ec9a68 elementor-section-full_width elementor-section-height-default elementor-section-height-default\" data-id=\"0ec9a68\" data-element_type=\"section\">\n\t\t\t\t\t\t<div class=\"elementor-container elementor-column-gap-no\">\n\t\t\t\t\t<div class=\"elementor-column elementor-col-100 elementor-top-column elementor-element elementor-element-fc5198b\" data-id=\"fc5198b\" data-element_type=\"column\">\n\t\t\t<div class=\"elementor-widget-wrap elementor-element-populated\">\n\t\t\t\t\t\t\t\t<div class=\"elementor-element elementor-element-080f03e elementor-widget elementor-widget-google_maps\" data-id=\"080f03e\" data-element_type=\"widget\" data-widget_type=\"google_maps.default\">\n\t\t\t\t<div class=\"elementor-widget-container\">\n\t\t\t<style>\/*! elementor - v3.7.4 - 31-08-2022 *\/\n.elementor-widget-google_maps .elementor-widget-container{overflow:hidden}.elementor-widget-google_maps iframe{height:300px}<\/style>\t\t<div class=\"elementor-custom-embed\">\n\t\t\t<iframe frameborder=\"0\" scrolling=\"no\" marginheight=\"0\" marginwidth=\"0\"\n\t\t\t\t\tsrc=\"https:\/\/maps.google.com\/maps?q=Deltic%20Group%2C%20Dakar%2C%20Senegal&#038;t=m&#038;z=14&#038;output=embed&#038;iwloc=near\"\n\t\t\t\t\ttitle=\"Deltic Group, Dakar, Senegal\"\n\t\t\t\t\taria-label=\"Deltic Group, Dakar, Senegal\"\n\t\t\t><\/iframe>\n\t\t<\/div>\n\t\t\t\t<\/div>\n\t\t\t\t<\/div>\n\t\t\t\t\t<\/div>\n\t\t<\/div>\n\t\t\t\t\t\t\t<\/div>\n\t\t<\/section>\n\t\t\t\t\t\t\t<\/div>\n\t\t","protected":false},"excerpt":{"rendered":"<p>Joignez-nous Restez en contact et n\u2019h\u00e9sitez pas \u00e0 nous appeler. Merci de bien vouloir remplir le formulaire \u00e0 cot\u00e9. Un agent de Deltic Group vous contactera rapidement. Vous avez des questions? +221 77 380 51 08 Laissez-nous un message ! contact@delticgroup.sn NOUS JOINDRE \u00c9crivez-nous \u00e0 tout moment<\/p>\n","protected":false},"author":1,"featured_media":0,"parent":0,"menu_order":0,"comment_status":"closed","ping_status":"closed","template":"elementor_header_footer","meta":{"om_disable_all_campaigns":false,"_monsterinsights_skip_tracking":false,"_monsterinsights_sitenote_active":false,"_monsterinsights_sitenote_note":"","_monsterinsights_sitenote_category":0,"footnotes":""},"class_list":["post-40","page","type-page","status-publish","hentry"],"aioseo_notices":[],"_links":{"self":[{"href":"https:\/\/delticgroup.sn\/index.php\/wp-json\/wp\/v2\/pages\/40","targetHints":{"allow":["GET"]}}],"collection":[{"href":"https:\/\/delticgroup.sn\/index.php\/wp-json\/wp\/v2\/pages"}],"about":[{"href":"https:\/\/delticgroup.sn\/index.php\/wp-json\/wp\/v2\/types\/page"}],"author":[{"embeddable":true,"href":"https:\/\/delticgroup.sn\/index.php\/wp-json\/wp\/v2\/users\/1"}],"replies":[{"embeddable":true,"href":"https:\/\/delticgroup.sn\/index.php\/wp-json\/wp\/v2\/comments?post=40"}],"version-history":[{"count":25,"href":"https:\/\/delticgroup.sn\/index.php\/wp-json\/wp\/v2\/pages\/40\/revisions"}],"predecessor-version":[{"id":5135,"href":"https:\/\/delticgroup.sn\/index.php\/wp-json\/wp\/v2\/pages\/40\/revisions\/5135"}],"wp:attachment":[{"href":"https:\/\/delticgroup.sn\/index.php\/wp-json\/wp\/v2\/media?parent=40"}],"curies":[{"name":"wp","href":"https:\/\/api.w.org\/{rel}","templated":true}]}}