{"id":38,"date":"2022-06-07T07:01:22","date_gmt":"2022-06-07T07:01:22","guid":{"rendered":"http:\/\/demo.ovathemes.com\/retirio\/?page_id=38"},"modified":"2022-09-18T21:21:00","modified_gmt":"2022-09-18T21:21:00","slug":"apropos","status":"publish","type":"page","link":"https:\/\/delticgroup.sn\/index.php\/apropos\/","title":{"rendered":"\u00c0 Propos"},"content":{"rendered":"\t\t<div data-elementor-type=\"wp-page\" data-elementor-id=\"38\" class=\"elementor elementor-38\">\n\t\t\t\t\t\t\t\t\t<section class=\"elementor-section elementor-top-section elementor-element elementor-element-013ca3e elementor-section-boxed elementor-section-height-default elementor-section-height-default\" data-id=\"013ca3e\" data-element_type=\"section\" data-settings=\"{&quot;background_background&quot;:&quot;classic&quot;}\">\n\t\t\t\t\t\t\t<div class=\"elementor-background-overlay\"><\/div>\n\t\t\t\t\t\t\t<div class=\"elementor-container elementor-column-gap-no\">\n\t\t\t\t\t<div class=\"elementor-column elementor-col-50 elementor-top-column elementor-element elementor-element-b6a844e elementor-invisible\" data-id=\"b6a844e\" data-element_type=\"column\" data-settings=\"{&quot;animation&quot;:&quot;ova-move-right&quot;,&quot;animation_tablet&quot;:&quot;none&quot;}\">\n\t\t\t<div class=\"elementor-widget-wrap elementor-element-populated\">\n\t\t\t\t\t\t\t\t<div class=\"elementor-element elementor-element-56708b8 elementor-widget elementor-widget-retirio_elementor_image\" data-id=\"56708b8\" data-element_type=\"widget\" data-widget_type=\"retirio_elementor_image.default\">\n\t\t\t\t<div class=\"elementor-widget-container\">\n\t\t\t\t\t \n\t\t\n\t\t\n\t\t   \t<div class=\"ova-img template2\">\n\t\t   \t\t<img decoding=\"async\" src=\"https:\/\/delticgroup.sn\/wp-content\/uploads\/2022\/09\/SCI-TOUR-ELEGANCE-scaled.jpg\" alt=\"\">\n\t\t\t\t\n\t\t\t\t\n\t\t\t\t\t\t\t\t\t<div class=\"line line-left\"><\/div>\n\t\t\t\t\n\t\t\t\t\t\t\t\t\t<div class=\"line-left text\">\n\t\t\t\t\t\t<h2>Deltic Group<\/h2>\n\t\t\t\t\t<\/div>\n\t\t\t\t\t\t\t<\/div>\n\n\t\t\t\t<\/div>\n\t\t\t\t<\/div>\n\t\t\t\t\t<\/div>\n\t\t<\/div>\n\t\t\t\t<div class=\"elementor-column elementor-col-50 elementor-top-column elementor-element elementor-element-1829eb5 elementor-invisible\" data-id=\"1829eb5\" data-element_type=\"column\" data-settings=\"{&quot;animation&quot;:&quot;ova-move-left&quot;,&quot;animation_tablet&quot;:&quot;none&quot;}\">\n\t\t\t<div class=\"elementor-widget-wrap elementor-element-populated\">\n\t\t\t\t\t\t\t\t<div class=\"elementor-element elementor-element-2733af6 elementor-widget elementor-widget-retirio_elementor_heading\" data-id=\"2733af6\" data-element_type=\"widget\" data-widget_type=\"retirio_elementor_heading.default\">\n\t\t\t\t<div class=\"elementor-widget-container\">\n\t\t\t\n\t\t<div class=\"ova-title\">\n\n\t\t\t\t\t\t\t<h3 class=\"sub-title\">\u00c0 propos de nous<\/h3>\n\t\t\t\n\t\t\t\t\t\t\t\t\t\t\t\t\t\t<h2 class=\"title\">\n\t\t\t\t\t\t\t\t\u00c0 votre \u00e9coute, en toutes <span class=\"underline\">circonstances<\/span>\t\t\t\t\t\t\t<\/h2>\n\t\t\t\t\t\t\t\n\t\t\t\n\t\t<\/div> \n\t\t\t\t<\/div>\n\t\t\t\t<\/div>\n\t\t\t\t<div class=\"elementor-element elementor-element-dcb995a elementor-widget elementor-widget-text-editor\" data-id=\"dcb995a\" data-element_type=\"widget\" data-widget_type=\"text-editor.default\">\n\t\t\t\t<div class=\"elementor-widget-container\">\n\t\t\t<style>\/*! elementor - v3.7.4 - 31-08-2022 *\/\n.elementor-widget-text-editor.elementor-drop-cap-view-stacked .elementor-drop-cap{background-color:#818a91;color:#fff}.elementor-widget-text-editor.elementor-drop-cap-view-framed .elementor-drop-cap{color:#818a91;border:3px solid;background-color:transparent}.elementor-widget-text-editor:not(.elementor-drop-cap-view-default) .elementor-drop-cap{margin-top:8px}.elementor-widget-text-editor:not(.elementor-drop-cap-view-default) .elementor-drop-cap-letter{width:1em;height:1em}.elementor-widget-text-editor .elementor-drop-cap{float:left;text-align:center;line-height:1;font-size:50px}.elementor-widget-text-editor .elementor-drop-cap-letter{display:inline-block}<\/style>\t\t\t\t<p>De la d\u00e9finition du projet \u00e0 la livraison du b\u00e2timent, en passant par sa conception et le suivi de sa construction, <strong>Deltic Group<\/strong> propose des solutions compl\u00e8tes et sur-mesure pour r\u00e9aliser tous vos projets. De la conception architecturale en passant pas une analyse technique, nous nous attelons, pour une gestion de votre bien en toute s\u00e9curit\u00e9, dans le respect des d\u00e9lais et des objectifs pr\u00e9alablement fix\u00e9s.<br \/>Assurez-vous de faire le bon choix en b\u00e9n\u00e9ficiant de nos conseils pratiques pour mener \u00e0 bien votre projet immobilier ! Pour habiter ou investir en toute confiance, d\u00e9couvrez r\u00e9guli\u00e8rement l&#8217;actualit\u00e9 du march\u00e9 immobilier au S\u00e9n\u00e9gal et b\u00e9n\u00e9ficiez de nos conseils pour devenir propri\u00e9taire.<\/p>\t\t\t\t\t\t<\/div>\n\t\t\t\t<\/div>\n\t\t\t\t<div class=\"elementor-element elementor-element-2eb768f elementor-icon-list--layout-traditional elementor-list-item-link-full_width elementor-widget elementor-widget-icon-list\" data-id=\"2eb768f\" data-element_type=\"widget\" data-widget_type=\"icon-list.default\">\n\t\t\t\t<div class=\"elementor-widget-container\">\n\t\t\t<link rel=\"stylesheet\" href=\"https:\/\/delticgroup.sn\/wp-content\/plugins\/elementor\/assets\/css\/widget-icon-list.min.css\">\t\t<ul class=\"elementor-icon-list-items\">\n\t\t\t\t\t\t\t<li class=\"elementor-icon-list-item\">\n\t\t\t\t\t\t\t\t\t\t\t<span class=\"elementor-icon-list-icon\">\n\t\t\t\t\t\t\t<i aria-hidden=\"true\" class=\"fas fa-arrow-circle-right\"><\/i>\t\t\t\t\t\t<\/span>\n\t\t\t\t\t\t\t\t\t\t<span class=\"elementor-icon-list-text\">Bonne gestion de votre patrimoine<\/span>\n\t\t\t\t\t\t\t\t\t<\/li>\n\t\t\t\t\t\t\t\t<li class=\"elementor-icon-list-item\">\n\t\t\t\t\t\t\t\t\t\t\t<span class=\"elementor-icon-list-icon\">\n\t\t\t\t\t\t\t<i aria-hidden=\"true\" class=\"fas fa-arrow-circle-right\"><\/i>\t\t\t\t\t\t<\/span>\n\t\t\t\t\t\t\t\t\t\t<span class=\"elementor-icon-list-text\">Documents et titres certifi\u00e9s devant notaire<\/span>\n\t\t\t\t\t\t\t\t\t<\/li>\n\t\t\t\t\t\t\t\t<li class=\"elementor-icon-list-item\">\n\t\t\t\t\t\t\t\t\t\t\t<span class=\"elementor-icon-list-icon\">\n\t\t\t\t\t\t\t<i aria-hidden=\"true\" class=\"fas fa-arrow-circle-right\"><\/i>\t\t\t\t\t\t<\/span>\n\t\t\t\t\t\t\t\t\t\t<span class=\"elementor-icon-list-text\">Assistance juridique et administrative<\/span>\n\t\t\t\t\t\t\t\t\t<\/li>\n\t\t\t\t\t\t<\/ul>\n\t\t\t\t<\/div>\n\t\t\t\t<\/div>\n\t\t\t\t<section class=\"elementor-section elementor-inner-section elementor-element elementor-element-f3caa1a elementor-section-boxed elementor-section-height-default elementor-section-height-default\" data-id=\"f3caa1a\" data-element_type=\"section\">\n\t\t\t\t\t\t<div class=\"elementor-container elementor-column-gap-no\">\n\t\t\t\t\t<div class=\"elementor-column elementor-col-50 elementor-inner-column elementor-element elementor-element-697046f\" data-id=\"697046f\" data-element_type=\"column\">\n\t\t\t<div class=\"elementor-widget-wrap elementor-element-populated\">\n\t\t\t\t\t\t\t\t\t<\/div>\n\t\t<\/div>\n\t\t\t\t<div class=\"elementor-column elementor-col-50 elementor-inner-column elementor-element elementor-element-9b875c0\" data-id=\"9b875c0\" data-element_type=\"column\">\n\t\t\t<div class=\"elementor-widget-wrap elementor-element-populated\">\n\t\t\t\t\t\t\t\t<div class=\"elementor-element elementor-element-1150f91 elementor-widget elementor-widget-heading\" data-id=\"1150f91\" data-element_type=\"widget\" data-widget_type=\"heading.default\">\n\t\t\t\t<div class=\"elementor-widget-container\">\n\t\t\t<style>\/*! elementor - v3.7.4 - 31-08-2022 *\/\n.elementor-heading-title{padding:0;margin:0;line-height:1}.elementor-widget-heading .elementor-heading-title[class*=elementor-size-]>a{color:inherit;font-size:inherit;line-height:inherit}.elementor-widget-heading .elementor-heading-title.elementor-size-small{font-size:15px}.elementor-widget-heading .elementor-heading-title.elementor-size-medium{font-size:19px}.elementor-widget-heading .elementor-heading-title.elementor-size-large{font-size:29px}.elementor-widget-heading .elementor-heading-title.elementor-size-xl{font-size:39px}.elementor-widget-heading .elementor-heading-title.elementor-size-xxl{font-size:59px}<\/style><h3 class=\"elementor-heading-title elementor-size-default\">Mme A. Mbengue<\/h3>\t\t<\/div>\n\t\t\t\t<\/div>\n\t\t\t\t<div class=\"elementor-element elementor-element-23ae2ff elementor-widget elementor-widget-text-editor\" data-id=\"23ae2ff\" data-element_type=\"widget\" data-widget_type=\"text-editor.default\">\n\t\t\t\t<div class=\"elementor-widget-container\">\n\t\t\t\t\t\t\t<p>CEO &#8211; DELTIC GROUP<\/p>\t\t\t\t\t\t<\/div>\n\t\t\t\t<\/div>\n\t\t\t\t\t<\/div>\n\t\t<\/div>\n\t\t\t\t\t\t\t<\/div>\n\t\t<\/section>\n\t\t\t\t\t<\/div>\n\t\t<\/div>\n\t\t\t\t\t\t\t<\/div>\n\t\t<\/section>\n\t\t\t\t<section class=\"elementor-section elementor-top-section elementor-element elementor-element-5079813 elementor-section-boxed elementor-section-height-default elementor-section-height-default\" data-id=\"5079813\" data-element_type=\"section\" data-settings=\"{&quot;background_background&quot;:&quot;classic&quot;}\">\n\t\t\t\t\t\t\t<div class=\"elementor-background-overlay\"><\/div>\n\t\t\t\t\t\t\t<div class=\"elementor-container elementor-column-gap-default\">\n\t\t\t\t\t<div class=\"elementor-column elementor-col-100 elementor-top-column elementor-element elementor-element-4971895\" data-id=\"4971895\" data-element_type=\"column\">\n\t\t\t<div class=\"elementor-widget-wrap elementor-element-populated\">\n\t\t\t\t\t\t\t\t<div class=\"elementor-element elementor-element-22aaaa7 elementor-widget elementor-widget-heading\" data-id=\"22aaaa7\" data-element_type=\"widget\" data-widget_type=\"heading.default\">\n\t\t\t\t<div class=\"elementor-widget-container\">\n\t\t\t<h2 class=\"elementor-heading-title elementor-size-default\">Nous vous accompagnons en\ntoute s\u00e9r\u00e9nit\u00e9 vers la propri\u00e9t\u00e9<\/h2>\t\t<\/div>\n\t\t\t\t<\/div>\n\t\t\t\t<div class=\"elementor-element elementor-element-fe7bd92 elementor-widget elementor-widget-retirio_elementor_contact_info\" data-id=\"fe7bd92\" data-element_type=\"widget\" data-widget_type=\"retirio_elementor_contact_info.default\">\n\t\t\t\t<div class=\"elementor-widget-container\">\n\t\t\t\t\t\t<div class=\"ova-contact-info\">\n\t\t\t\t\n\t\t\t\t\t\t\t\t\t<div class=\"icon\">\n\t\t\t\t\t\t\t\t\t\t\t<\/div>\t\n\t\t\t\t\t\t\t\t\n\n\t\t\t\t<div class=\"contact\">\n\t\t\t\t\t\n\t\t\t\t\t\t\t\t\t\t\t<div class=\"label\">\n\t\t\t\t\t\t\tObtenez un devis\t\t\t\t\t\t<\/div>\n\t\t\t\t\t\n\t\t\t\t\t<ul class=\"info\">\n\t\t\t\t\t\t\n\t\t\t\t\t\t\t\t<li class=\"item\">\n\n\t\t\t\t\t\t\t\t\t\t\t\t\t\t\t\t\t\t\t\t\t<a href=\"tel:+221773805108 \">\n\t\t\t\t\t\t\t\t\t\t\t\t\t+ 221 77 380 51 08\t\t\t\t\t\t\t\t\t\t\t\t<\/a>\n\t\t\t\t\t\t\t\t\t\t\t\t\t\t\t\t\t\t\t<\/li>\n\t\t\t\t\t\t\t\n\t\t\t\t\t\t\t\t\t\t\t<\/ul>\n\n\t\t\t\t<\/div>\n\n\t\t\t<\/div>\n\n\t\t\t\t<\/div>\n\t\t\t\t<\/div>\n\t\t\t\t<div class=\"elementor-element elementor-element-1dbd858 elementor-align-center elementor-widget elementor-widget-button\" data-id=\"1dbd858\" data-element_type=\"widget\" data-settings=\"{&quot;_animation&quot;:&quot;none&quot;,&quot;_animation_tablet&quot;:&quot;none&quot;}\" data-widget_type=\"button.default\">\n\t\t\t\t<div class=\"elementor-widget-container\">\n\t\t\t\t\t<div class=\"elementor-button-wrapper\">\n\t\t\t<a href=\"https:\/\/delticgroup.sn\/index.php\/contact\/\" class=\"elementor-button-link elementor-button elementor-size-sm\" role=\"button\">\n\t\t\t\t\t\t<span class=\"elementor-button-content-wrapper\">\n\t\t\t\t\t\t<span class=\"elementor-button-text\">Contactez-nous<\/span>\n\t\t<\/span>\n\t\t\t\t\t<\/a>\n\t\t<\/div>\n\t\t\t\t<\/div>\n\t\t\t\t<\/div>\n\t\t\t\t\t<\/div>\n\t\t<\/div>\n\t\t\t\t\t\t\t<\/div>\n\t\t<\/section>\n\t\t\t\t<section class=\"elementor-section elementor-top-section elementor-element elementor-element-a9e80df elementor-section-boxed elementor-section-height-default elementor-section-height-default\" data-id=\"a9e80df\" data-element_type=\"section\">\n\t\t\t\t\t\t<div class=\"elementor-container elementor-column-gap-no\">\n\t\t\t\t\t<div class=\"elementor-column elementor-col-100 elementor-top-column elementor-element elementor-element-c5b31d1\" data-id=\"c5b31d1\" data-element_type=\"column\">\n\t\t\t<div class=\"elementor-widget-wrap elementor-element-populated\">\n\t\t\t\t\t\t\t\t<section class=\"elementor-section elementor-inner-section elementor-element elementor-element-1ecd2ea elementor-section-full_width elementor-section-height-default elementor-section-height-default\" data-id=\"1ecd2ea\" data-element_type=\"section\" data-settings=\"{&quot;background_background&quot;:&quot;classic&quot;}\">\n\t\t\t\t\t\t<div class=\"elementor-container elementor-column-gap-default\">\n\t\t\t\t\t<div class=\"elementor-column elementor-col-25 elementor-inner-column elementor-element elementor-element-617f43e\" data-id=\"617f43e\" data-element_type=\"column\">\n\t\t\t<div class=\"elementor-widget-wrap elementor-element-populated\">\n\t\t\t\t\t\t\t\t<div class=\"elementor-element elementor-element-ac2aeba elementor-widget elementor-widget-retirio_elementor_counter\" data-id=\"ac2aeba\" data-element_type=\"widget\" data-widget_type=\"retirio_elementor_counter.default\">\n\t\t\t\t<div class=\"elementor-widget-container\">\n\t\t\t           \n           <div class=\"ova-counter ova-counter-template1\" data-count=\"155\">\n                \n\t            \t            \t<div class=\"icon\">\n\t\t\t\t\t\t<i aria-hidden=\"true\" class=\"flaticon flaticon-architect-1\"><\/i>\t\t\t\t\t<\/div>\n\t\t\t\t\t            \n                <div class=\"odometer-wrapper\">\n\t\t\t\t\t<span class=\"odometer\">0<\/span>\n\t\t\t\t\t\t\t\t\t\t\t<span class=\"suffix\">\n\t\t\t\t\t\t\t\t\t\t\t        <\/span>\n\t\t\t\t    \t\t\t        \t\t\t\t\t\t<h4 class=\"title\">\n\t\t\t\t\t\t\tAppartements livr\u00e9s\t\t\t\t\t\t<\/h4>\n\t\t\t\t\t\t\t\t    <\/div>\n\n           <\/div>\n\t\t \t\n\t\t\t\t<\/div>\n\t\t\t\t<\/div>\n\t\t\t\t\t<\/div>\n\t\t<\/div>\n\t\t\t\t<div class=\"elementor-column elementor-col-25 elementor-inner-column elementor-element elementor-element-431e0f1\" data-id=\"431e0f1\" data-element_type=\"column\">\n\t\t\t<div class=\"elementor-widget-wrap elementor-element-populated\">\n\t\t\t\t\t\t\t\t<div class=\"elementor-element elementor-element-da1e266 elementor-widget elementor-widget-retirio_elementor_counter\" data-id=\"da1e266\" data-element_type=\"widget\" data-widget_type=\"retirio_elementor_counter.default\">\n\t\t\t\t<div class=\"elementor-widget-container\">\n\t\t\t           \n           <div class=\"ova-counter ova-counter-template1\" data-count=\"13\">\n                \n\t            \t            \t<div class=\"icon\">\n\t\t\t\t\t\t<i aria-hidden=\"true\" class=\"flaticon flaticon-architect\"><\/i>\t\t\t\t\t<\/div>\n\t\t\t\t\t            \n                <div class=\"odometer-wrapper\">\n\t\t\t\t\t<span class=\"odometer\">0<\/span>\n\t\t\t\t\t\t\t\t\t\t\t<span class=\"suffix\">\n\t\t\t\t\t\t\t\t\t\t\t        <\/span>\n\t\t\t\t    \t\t\t        \t\t\t\t\t\t<h4 class=\"title\">\n\t\t\t\t\t\t\tImmeubles de Standing\t\t\t\t\t\t<\/h4>\n\t\t\t\t\t\t\t\t    <\/div>\n\n           <\/div>\n\t\t \t\n\t\t\t\t<\/div>\n\t\t\t\t<\/div>\n\t\t\t\t\t<\/div>\n\t\t<\/div>\n\t\t\t\t<div class=\"elementor-column elementor-col-25 elementor-inner-column elementor-element elementor-element-5255259\" data-id=\"5255259\" data-element_type=\"column\">\n\t\t\t<div class=\"elementor-widget-wrap elementor-element-populated\">\n\t\t\t\t\t\t\t\t<div class=\"elementor-element elementor-element-083da50 elementor-widget elementor-widget-retirio_elementor_counter\" data-id=\"083da50\" data-element_type=\"widget\" data-widget_type=\"retirio_elementor_counter.default\">\n\t\t\t\t<div class=\"elementor-widget-container\">\n\t\t\t           \n           <div class=\"ova-counter ova-counter-template1\" data-count=\"400\">\n                \n\t            \t            \t<div class=\"icon\">\n\t\t\t\t\t\t<i aria-hidden=\"true\" class=\"flaticon flaticon-buildings\"><\/i>\t\t\t\t\t<\/div>\n\t\t\t\t\t            \n                <div class=\"odometer-wrapper\">\n\t\t\t\t\t<span class=\"odometer\">0<\/span>\n\t\t\t\t\t\t\t\t\t\t\t<span class=\"suffix\">\n\t\t\t\t\t\t\t\t\t\t\t        <\/span>\n\t\t\t\t    \t\t\t        \t\t\t\t\t\t<h4 class=\"title\">\n\t\t\t\t\t\t\tPropri\u00e9t\u00e9s vendues\t\t\t\t\t\t<\/h4>\n\t\t\t\t\t\t\t\t    <\/div>\n\n           <\/div>\n\t\t \t\n\t\t\t\t<\/div>\n\t\t\t\t<\/div>\n\t\t\t\t\t<\/div>\n\t\t<\/div>\n\t\t\t\t<div class=\"elementor-column elementor-col-25 elementor-inner-column elementor-element elementor-element-944a539\" data-id=\"944a539\" data-element_type=\"column\">\n\t\t\t<div class=\"elementor-widget-wrap elementor-element-populated\">\n\t\t\t\t\t\t\t\t<div class=\"elementor-element elementor-element-d0e2ce9 elementor-widget elementor-widget-retirio_elementor_counter\" data-id=\"d0e2ce9\" data-element_type=\"widget\" data-widget_type=\"retirio_elementor_counter.default\">\n\t\t\t\t<div class=\"elementor-widget-container\">\n\t\t\t           \n           <div class=\"ova-counter ova-counter-template1\" data-count=\"300\">\n                \n\t            \t            \t<div class=\"icon\">\n\t\t\t\t\t\t<i aria-hidden=\"true\" class=\"flaticon flaticon-satisfaction\"><\/i>\t\t\t\t\t<\/div>\n\t\t\t\t\t            \n                <div class=\"odometer-wrapper\">\n\t\t\t\t\t<span class=\"odometer\">0<\/span>\n\t\t\t\t\t\t\t\t\t\t\t<span class=\"suffix\">\n\t\t\t\t\t\t\t\t\t\t\t        <\/span>\n\t\t\t\t    \t\t\t        \t\t\t\t\t\t<h4 class=\"title\">\n\t\t\t\t\t\t\tClients satisfaits\t\t\t\t\t\t<\/h4>\n\t\t\t\t\t\t\t\t    <\/div>\n\n           <\/div>\n\t\t \t\n\t\t\t\t<\/div>\n\t\t\t\t<\/div>\n\t\t\t\t\t<\/div>\n\t\t<\/div>\n\t\t\t\t\t\t\t<\/div>\n\t\t<\/section>\n\t\t\t\t\t<\/div>\n\t\t<\/div>\n\t\t\t\t\t\t\t<\/div>\n\t\t<\/section>\n\t\t\t\t\t\t\t<\/div>\n\t\t","protected":false},"excerpt":{"rendered":"<p>Deltic Group \u00c0 propos de nous \u00c0 votre \u00e9coute, en toutes circonstances De la d\u00e9finition du projet \u00e0 la livraison du b\u00e2timent, en passant par sa conception et le suivi de sa construction, Deltic Group propose des solutions compl\u00e8tes et sur-mesure pour r\u00e9aliser tous vos projets. De la conception architecturale en passant pas une analyse [&hellip;]<\/p>\n","protected":false},"author":1,"featured_media":0,"parent":0,"menu_order":0,"comment_status":"closed","ping_status":"closed","template":"elementor_header_footer","meta":{"om_disable_all_campaigns":false,"_monsterinsights_skip_tracking":false,"_monsterinsights_sitenote_active":false,"_monsterinsights_sitenote_note":"","_monsterinsights_sitenote_category":0,"footnotes":""},"class_list":["post-38","page","type-page","status-publish","hentry"],"aioseo_notices":[],"_links":{"self":[{"href":"https:\/\/delticgroup.sn\/index.php\/wp-json\/wp\/v2\/pages\/38","targetHints":{"allow":["GET"]}}],"collection":[{"href":"https:\/\/delticgroup.sn\/index.php\/wp-json\/wp\/v2\/pages"}],"about":[{"href":"https:\/\/delticgroup.sn\/index.php\/wp-json\/wp\/v2\/types\/page"}],"author":[{"embeddable":true,"href":"https:\/\/delticgroup.sn\/index.php\/wp-json\/wp\/v2\/users\/1"}],"replies":[{"embeddable":true,"href":"https:\/\/delticgroup.sn\/index.php\/wp-json\/wp\/v2\/comments?post=38"}],"version-history":[{"count":47,"href":"https:\/\/delticgroup.sn\/index.php\/wp-json\/wp\/v2\/pages\/38\/revisions"}],"predecessor-version":[{"id":5188,"href":"https:\/\/delticgroup.sn\/index.php\/wp-json\/wp\/v2\/pages\/38\/revisions\/5188"}],"wp:attachment":[{"href":"https:\/\/delticgroup.sn\/index.php\/wp-json\/wp\/v2\/media?parent=38"}],"curies":[{"name":"wp","href":"https:\/\/api.w.org\/{rel}","templated":true}]}}